{"id":53,"date":"2024-03-02T09:01:26","date_gmt":"2024-03-02T09:01:26","guid":{"rendered":"https:\/\/cwiencke.de\/?page_id=53"},"modified":"2024-03-02T10:14:11","modified_gmt":"2024-03-02T10:14:11","slug":"kommunikation","status":"publish","type":"page","link":"https:\/\/cwiencke.de\/?page_id=53","title":{"rendered":"Kommunikation"},"content":{"rendered":"\n<p>Analog zur Struktur der Gruppe &#8222;Angebote&#8220; sollte die jeweilige Arbeitsgruppe bitte ebenso einen Text \u00fcber sich erstellen.<\/p>\n\n\n\n<p>Dieser ist bitte gut formuliert in Final Version in MS Word oder als PDF von der jeweiligen Gruppe auszuarbeiten und an Claus Wiencke per eMail weiterzugeben.<\/p>\n\n\n\n<p>Bitte nicht zu viel Text. Zur Not k\u00f6nnen weitere zus\u00e4tzliche Web-Seiten mit Details von der jeweiligen Gruppe erstellt werden. Das sollte dann mit dem B\u00fcrgerImpuls abgesprochen werden.<\/p>\n","protected":false},"excerpt":{"rendered":"<p>Analog zur Struktur der Gruppe &#8222;Angebote&#8220; sollte die jeweilige Arbeitsgruppe bitte ebenso einen Text \u00fcber sich erstellen. Dieser ist bitte gut formuliert in Final Version in MS Word oder als PDF von der jeweiligen Gruppe auszuarbeiten und an Claus Wiencke per eMail weiterzugeben. Bitte nicht zu viel Text. Zur Not k\u00f6nnen weitere zus\u00e4tzliche Web-Seiten mit [&hellip;]<\/p>\n","protected":false},"author":1,"featured_media":0,"parent":0,"menu_order":0,"comment_status":"closed","ping_status":"closed","template":"","meta":{"footnotes":""},"class_list":["post-53","page","type-page","status-publish","hentry"],"_links":{"self":[{"href":"https:\/\/cwiencke.de\/index.php?rest_route=\/wp\/v2\/pages\/53","targetHints":{"allow":["GET"]}}],"collection":[{"href":"https:\/\/cwiencke.de\/index.php?rest_route=\/wp\/v2\/pages"}],"about":[{"href":"https:\/\/cwiencke.de\/index.php?rest_route=\/wp\/v2\/types\/page"}],"author":[{"embeddable":true,"href":"https:\/\/cwiencke.de\/index.php?rest_route=\/wp\/v2\/users\/1"}],"replies":[{"embeddable":true,"href":"https:\/\/cwiencke.de\/index.php?rest_route=%2Fwp%2Fv2%2Fcomments&post=53"}],"version-history":[{"count":2,"href":"https:\/\/cwiencke.de\/index.php?rest_route=\/wp\/v2\/pages\/53\/revisions"}],"predecessor-version":[{"id":84,"href":"https:\/\/cwiencke.de\/index.php?rest_route=\/wp\/v2\/pages\/53\/revisions\/84"}],"wp:attachment":[{"href":"https:\/\/cwiencke.de\/index.php?rest_route=%2Fwp%2Fv2%2Fmedia&parent=53"}],"curies":[{"name":"wp","href":"https:\/\/api.w.org\/{rel}","templated":true}]}}