{"id":46,"date":"2024-03-02T08:57:26","date_gmt":"2024-03-02T08:57:26","guid":{"rendered":"https:\/\/cwiencke.de\/?page_id=46"},"modified":"2024-03-02T09:41:55","modified_gmt":"2024-03-02T09:41:55","slug":"angebote","status":"publish","type":"page","link":"https:\/\/cwiencke.de\/?page_id=46","title":{"rendered":"Angebote"},"content":{"rendered":"\n<p><strong>Aufgabe:<\/strong><br>Unterst\u00fctzung der B\u00fcrger und B\u00fcrgerinnen beim Aufsetzen neuer Angebote und Veranstaltungen. Werbung und Motivation der Jettinger, selbst Initiativen in die Hand zu nehmen. Nutzung der Jettingen App f\u00fcr die \u00dc60 Aktivit\u00e4ten \u00fcbergreifend, Vorschl\u00e4ge ausarbeiten f\u00fcr Funktionserweiterungen erarbeiten.<br>Unterst\u00fctzung durch Anleitungen, Erkl\u00e4rungen und praktische Hilfen.<\/p>\n\n\n\n<p><strong>Ziele:<\/strong><br>Neue und bestehende \u00f6ffentliche Veranstaltungen zu erm\u00f6glichen auch au\u00dferhalb von Vereinen. Mehr Aktivit\u00e4ten und Angebote f\u00fcr &#8222;Best Agers&#8220; zu bieten.  <\/p>\n\n\n\n<p><strong>Beispiele:<\/strong><\/p>\n\n\n\n<ul class=\"wp-block-list\"><li>Musikveranstaltungen im B\u00fcrgercaf\u00e9<\/li><li>allerlei Freizeitaktivit\u00e4ten<\/li><li>Sonstige Veranstaltungen<\/li><\/ul>\n\n\n\n<p>Mitglieder und Kontakt:<br>Annemarie und Heinz Fleischer, Heidrun Martin, Andrea Meyer, Claus Wiencke. Kontakt: Claus.wiencke@me.com (0152 53848840)<\/p>\n","protected":false},"excerpt":{"rendered":"<p>Aufgabe:Unterst\u00fctzung der B\u00fcrger und B\u00fcrgerinnen beim Aufsetzen neuer Angebote und Veranstaltungen. Werbung und Motivation der Jettinger, selbst Initiativen in die Hand zu nehmen. Nutzung der Jettingen App f\u00fcr die \u00dc60 Aktivit\u00e4ten \u00fcbergreifend, Vorschl\u00e4ge ausarbeiten f\u00fcr Funktionserweiterungen erarbeiten.Unterst\u00fctzung durch Anleitungen, Erkl\u00e4rungen und praktische Hilfen. Ziele:Neue und bestehende \u00f6ffentliche Veranstaltungen zu erm\u00f6glichen auch au\u00dferhalb von Vereinen. Mehr [&hellip;]<\/p>\n","protected":false},"author":1,"featured_media":0,"parent":0,"menu_order":0,"comment_status":"closed","ping_status":"closed","template":"","meta":{"footnotes":""},"class_list":["post-46","page","type-page","status-publish","hentry"],"_links":{"self":[{"href":"https:\/\/cwiencke.de\/index.php?rest_route=\/wp\/v2\/pages\/46","targetHints":{"allow":["GET"]}}],"collection":[{"href":"https:\/\/cwiencke.de\/index.php?rest_route=\/wp\/v2\/pages"}],"about":[{"href":"https:\/\/cwiencke.de\/index.php?rest_route=\/wp\/v2\/types\/page"}],"author":[{"embeddable":true,"href":"https:\/\/cwiencke.de\/index.php?rest_route=\/wp\/v2\/users\/1"}],"replies":[{"embeddable":true,"href":"https:\/\/cwiencke.de\/index.php?rest_route=%2Fwp%2Fv2%2Fcomments&post=46"}],"version-history":[{"count":2,"href":"https:\/\/cwiencke.de\/index.php?rest_route=\/wp\/v2\/pages\/46\/revisions"}],"predecessor-version":[{"id":78,"href":"https:\/\/cwiencke.de\/index.php?rest_route=\/wp\/v2\/pages\/46\/revisions\/78"}],"wp:attachment":[{"href":"https:\/\/cwiencke.de\/index.php?rest_route=%2Fwp%2Fv2%2Fmedia&parent=46"}],"curies":[{"name":"wp","href":"https:\/\/api.w.org\/{rel}","templated":true}]}}