{"id":44,"date":"2024-03-02T08:53:43","date_gmt":"2024-03-02T08:53:43","guid":{"rendered":"https:\/\/cwiencke.de\/?page_id=44"},"modified":"2024-03-28T07:26:54","modified_gmt":"2024-03-28T07:26:54","slug":"jettingen-ue60","status":"publish","type":"page","link":"https:\/\/cwiencke.de\/?page_id=44","title":{"rendered":"\u00dc60-aktiv"},"content":{"rendered":"\n<p>Hier kommt der \u00fcberarbeitete Text von Martina hinein, der grunds\u00e4tzlich erkl\u00e4rt, was hinter dem Projekt steckt, wer der Initiator und Sponsor ist, aus welchen Teilgruppen die gesamte Initiative besteht und welche Ziele mit dem B\u00fcrgerimpuls erreicht werden sollen und wer die Zielgruppe ist.<\/p>\n\n\n\n<p>Vorschlag Claus: <br><strong>\u00dc60<\/strong>&nbsp;\u2013 eine Initiative f\u00fcr aktive Jettinger B\u00fcrgerinnen und B\u00fcrger der reiferen Jahrg\u00e4nge, und zwar&nbsp;<strong>nicht nur<\/strong>f\u00fcr die 60-J\u00e4hrigen und \u00c4ltere. Auch unter 60-J\u00e4hrige sind herzlich willkommen.&nbsp;<\/p>\n\n\n\n<p>\u00dc60 initiiert zahlreiche Initiativen und Projekte mit Veranstaltungen, Angeboten und Services in B\u00fcrgerhand mit der Unterst\u00fctzung der Gemeinde Jettingen.<\/p>\n\n\n\n<p>Hier nehmen wir unser Zusammenleben miteinander selbst in die Hand.<\/p>\n\n\n\n<p>Neben zahlreichen \u00dc60 \u2013 Angeboten erm\u00f6glichen wir Interessierten au\u00dferhalb der bekannten Vereins- und Kirchen Angebote die M\u00f6glichkeit, selbst Ideen umzusetzen f\u00fcr Veranstaltungen, Aktionen und Initiativen und unterst\u00fctzen sie dabei.<\/p>\n\n\n\n<p>Selbstverst\u00e4ndlich geh\u00f6rt dazu auch die Einbindung von Jung und Alt, somit aller Altersgruppen, Bev\u00f6lkerungsschichten in der der gesamten Bev\u00f6lkerung inkl. Integration.&nbsp;<\/p>\n\n\n\n<p>Das Gro\u00dfartige an dieser Initiative ist, dass unsere Gemeinde uns sehr gut unterst\u00fctzt mit einem kompetenten Team und mit R\u00e4umlichkeiten der Gemeinde, die wir daf\u00fcr, aber nicht f\u00fcr rein private Aktivit\u00e4ten, nutzen k\u00f6nnen.&nbsp;<\/p>\n\n\n\n<p><em>Hier k\u00f6nnten wir einige Beispiele auff\u00fchren (Donnerstagskaffe, Spielenachmittag, Wohnzimmerkonzerte, Quiz-Abende, Schlagern\u00e4chte, Fahrservices usw.)<\/em><\/p>\n\n\n\n<p>\u00dc60 initiiert zahlreiche Initiativen und Projekte mit Veranstaltungen, Angeboten und Services in B\u00fcrgerhand mit der Unterst\u00fctzung der Gemeinde Jettingen.<\/p>\n\n\n\n<p>Hier nehmen wir unser Zusammenleben miteinander selbst in die Hand.<\/p>\n\n\n\n<p>Neben zahlreichen \u00dc60 \u2013 Angeboten erm\u00f6glichen wir Interessierten au\u00dferhalb der bekannten Vereins- und Kirchen Angebote die M\u00f6glichkeit, selbst Ideen umzusetzen f\u00fcr Veranstaltungen, Aktionen und Initiativen und unterst\u00fctzen sie dabei.<\/p>\n\n\n\n<p>Selbstverst\u00e4ndlich geh\u00f6rt dazu auch die Einbindung von Jung und Alt, somit aller Altersgruppen, Bev\u00f6lkerungsschichten in der der gesamten Bev\u00f6lkerung inkl. Integration.&nbsp;<\/p>\n\n\n\n<p>Das Gro\u00dfartige an dieser Initiative ist, dass unsere Gemeinde uns sehr gut unterst\u00fctzt mit einem kompetenten Team und mit R\u00e4umlichkeiten der Gemeinde, die wir daf\u00fcr, aber nicht f\u00fcr rein private Aktivit\u00e4ten, nutzen k\u00f6nnen.&nbsp;<\/p>\n\n\n\n<p><em>Hier k\u00f6nnten wir einige Beispiele auff\u00fchren (Donnerstagskaffe, Spielenachmittag, Wohnzimmerkonzerte, Quiz-Abende, Schlagern\u00e4chte, Fahrservices usw.)<\/em><\/p>\n\n\n\n<p>Links zu den einzelnen Arbeitsgruppen zum Veranstaltungskalender der Gemeinde sollen hier im Text noch untergebracht werden.<\/p>\n","protected":false},"excerpt":{"rendered":"<p>Hier kommt der \u00fcberarbeitete Text von Martina hinein, der grunds\u00e4tzlich erkl\u00e4rt, was hinter dem Projekt steckt, wer der Initiator und Sponsor ist, aus welchen Teilgruppen die gesamte Initiative besteht und welche Ziele mit dem B\u00fcrgerimpuls erreicht werden sollen und wer die Zielgruppe ist. Vorschlag Claus: \u00dc60&nbsp;\u2013 eine Initiative f\u00fcr aktive Jettinger B\u00fcrgerinnen und B\u00fcrger der [&hellip;]<\/p>\n","protected":false},"author":1,"featured_media":0,"parent":0,"menu_order":0,"comment_status":"closed","ping_status":"closed","template":"","meta":{"footnotes":""},"class_list":["post-44","page","type-page","status-publish","hentry"],"_links":{"self":[{"href":"https:\/\/cwiencke.de\/index.php?rest_route=\/wp\/v2\/pages\/44","targetHints":{"allow":["GET"]}}],"collection":[{"href":"https:\/\/cwiencke.de\/index.php?rest_route=\/wp\/v2\/pages"}],"about":[{"href":"https:\/\/cwiencke.de\/index.php?rest_route=\/wp\/v2\/types\/page"}],"author":[{"embeddable":true,"href":"https:\/\/cwiencke.de\/index.php?rest_route=\/wp\/v2\/users\/1"}],"replies":[{"embeddable":true,"href":"https:\/\/cwiencke.de\/index.php?rest_route=%2Fwp%2Fv2%2Fcomments&post=44"}],"version-history":[{"count":4,"href":"https:\/\/cwiencke.de\/index.php?rest_route=\/wp\/v2\/pages\/44\/revisions"}],"predecessor-version":[{"id":89,"href":"https:\/\/cwiencke.de\/index.php?rest_route=\/wp\/v2\/pages\/44\/revisions\/89"}],"wp:attachment":[{"href":"https:\/\/cwiencke.de\/index.php?rest_route=%2Fwp%2Fv2%2Fmedia&parent=44"}],"curies":[{"name":"wp","href":"https:\/\/api.w.org\/{rel}","templated":true}]}}